{"id":2,"date":"2026-02-19T17:40:50","date_gmt":"2026-02-19T17:40:50","guid":{"rendered":"https:\/\/chansonnier.fi\/?page_id=2"},"modified":"2026-02-23T20:15:55","modified_gmt":"2026-02-23T20:15:55","slug":"sample-page","status":"publish","type":"page","link":"https:\/\/chansonnier.fi\/?page_id=2","title":{"rendered":"Medievalish songs"},"content":{"rendered":"\n<p>Here are some of songs I have written in medieval style, mainly for SCA (Society of Creative Anachronism) use.<\/p>\n\n\n\n<p>T\u00e4ss\u00e4 on joitakin keskiaikatyylill\u00e4 kirjoittamiani kappaleita. <\/p>\n\n\n\n<h2 class=\"wp-block-heading\">Songs in English<\/h2>\n\n\n\n<ul class=\"wp-block-list\">\n<li><a href=\"https:\/\/chansonnier.fi\/wp-content\/uploads\/2026\/02\/Alive-alive-oh.pdf\" type=\"attachment\" id=\"108\">Alive, alive oh<\/a> (filk &#8211; melody trad, lyrics Taija Paju)<\/li>\n\n\n\n<li><a href=\"https:\/\/chansonnier.fi\/wp-content\/uploads\/2026\/02\/Archer_Troop.pdf\" type=\"attachment\" id=\"109\">Archer troop<\/a> (filk &#8211; melody trad, lyrics Taija Paju)<\/li>\n\n\n\n<li><a href=\"https:\/\/chansonnier.fi\/wp-content\/uploads\/2026\/02\/Avete_Rex_et_Regina.pdf\" type=\"attachment\" id=\"28\">Avete Rex et Regina<\/a>&nbsp;(Taija Paju)<\/li>\n\n\n\n<li><a href=\"https:\/\/chansonnier.fi\/wp-content\/uploads\/2026\/02\/TheBoastSong.pdf\" type=\"attachment\" id=\"113\">The Boast song<\/a> (filk &#8211; melody trad, lyrics Taija Paju)<\/li>\n\n\n\n<li><a href=\"https:\/\/chansonnier.fi\/wp-content\/uploads\/2026\/02\/Laudemus.pdf\" type=\"attachment\" id=\"42\">Bring us feast \/ Laudemus virginem<\/a>&nbsp;(Taija Paju \/ Llibre Vermell de Montserrat)<\/li>\n\n\n\n<li><a href=\"https:\/\/chansonnier.fi\/wp-content\/uploads\/2026\/02\/CrownTourneyLament.pdf\" type=\"attachment\" id=\"110\">Crown tourney lament<\/a> (filk &#8211; melody trad, lyrics Taija Paju)<\/li>\n\n\n\n<li><a href=\"https:\/\/chansonnier.fi\/wp-content\/uploads\/2026\/02\/FarewellLamentCudgelWar.pdf\" type=\"attachment\" id=\"111\">Farewell lament to Cudgel War<\/a> (filk &#8211; melody trad, lyrics Taija Paju)<\/li>\n\n\n\n<li><a href=\"https:\/\/chansonnier.fi\/wp-content\/uploads\/2026\/02\/Hey_ho_blood_and_gore.pdf\" type=\"attachment\" id=\"33\">Hey, ho, blood and gore<\/a>&nbsp;(Taija Paju)<\/li>\n\n\n\n<li><a href=\"https:\/\/chansonnier.fi\/wp-content\/uploads\/2026\/02\/Hole_in_the_wall.pdf\" type=\"attachment\" id=\"35\">Hole in the Wall<\/a>&nbsp;(melody H. Purcell, lyrics Taija Paju)<\/li>\n\n\n\n<li><a href=\"https:\/\/chansonnier.fi\/wp-content\/uploads\/2026\/02\/InAtavern.pdf\" type=\"attachment\" id=\"37\">In a tavern<\/a>&nbsp;(Carmina Burana \/ lyrics Taija Paju)<\/li>\n\n\n\n<li><a href=\"https:\/\/chansonnier.fi\/wp-content\/uploads\/2026\/02\/Izabella_et_Macarius.pdf\" type=\"attachment\" id=\"39\">Izabella et Macarius<\/a>&nbsp;(Taija Paju)<\/li>\n\n\n\n<li><a href=\"https:\/\/chansonnier.fi\/wp-content\/uploads\/2026\/02\/Lessons.pdf\" type=\"attachment\" id=\"44\">Lessons of Life<\/a>&nbsp;(melody Pease Branle, lyrics Taija Paju)<\/li>\n\n\n\n<li><a href=\"https:\/\/chansonnier.fi\/wp-content\/uploads\/2026\/02\/MudgelWar.pdf\" type=\"attachment\" id=\"112\">Mudgel War<\/a> (filk &#8211; melody trad, lyrics Taija Paju)<\/li>\n\n\n\n<li><a href=\"https:\/\/chansonnier.fi\/wp-content\/uploads\/2026\/02\/A-Nordmarker-Courted-Me.pdf\" type=\"attachment\" id=\"107\">A Nordmarker courted me<\/a> (filk &#8211; melody trad, lyrics Taija Paju)<\/li>\n\n\n\n<li><a href=\"https:\/\/chansonnier.fi\/wp-content\/uploads\/2026\/02\/Quand_je_bois.pdf\" type=\"attachment\" id=\"51\">Quand je bois<\/a>&nbsp;(anon.\/Pierre Attaignant \/ English lyrics Taija Paju)<\/li>\n\n\n\n<li><a href=\"https:\/\/chansonnier.fi\/wp-content\/uploads\/2026\/02\/The-Raven-on-the-garden-wall.pdf\" type=\"attachment\" id=\"61\">(The) Raven on the Garden Wall<\/a>&nbsp;(Taija Paju)<\/li>\n\n\n\n<li><a href=\"https:\/\/chansonnier.fi\/wp-content\/uploads\/2026\/02\/Robin-loves-me.pdf\" type=\"attachment\" id=\"53\">Robin loves me<\/a>&nbsp;(Adam de la Halle \/ Taija Paju)<\/li>\n\n\n\n<li><a href=\"https:\/\/chansonnier.fi\/wp-content\/uploads\/2026\/02\/Tandaradei.pdf\" type=\"attachment\" id=\"58\">Tandaradei<\/a>&nbsp;(melody Walther von der Wogelweide, English lyrics Taija Paju)<\/li>\n\n\n\n<li><a href=\"https:\/\/chansonnier.fi\/wp-content\/uploads\/2026\/02\/What-bird-is-this.pdf\" type=\"attachment\" id=\"67\">What bird is this<\/a>&nbsp;(Taija Paju)<\/li>\n\n\n\n<li><a href=\"https:\/\/chansonnier.fi\/wp-content\/uploads\/2026\/02\/When-I-went-to-Cudgel-War.pdf\" type=\"attachment\" id=\"24\">When I went to Cudgel War<\/a>&nbsp;(filk &#8211; melody trad, lyrics Taija Paju)<\/li>\n<\/ul>\n\n\n\n<h2 class=\"wp-block-heading\">Lauluja suomeksi<\/h2>\n\n\n\n<ul class=\"wp-block-list\">\n<li><a href=\"https:\/\/chansonnier.fi\/wp-content\/uploads\/2026\/02\/Aarnimetsan-paronilliset.pdf\" type=\"attachment\" id=\"25\">Aarnimets\u00e4n paronilliset<\/a>&nbsp;(Melody Elevata est, lyrics Taija Paju)<\/li>\n\n\n\n<li><a href=\"https:\/\/chansonnier.fi\/wp-content\/uploads\/2026\/02\/Enkelpsalmi.pdf\" type=\"attachment\" id=\"31\">Enkelpsalmi<\/a>&nbsp;(Liber Hymnarius, lyrics Taija Paju)<\/li>\n\n\n\n<li><a href=\"https:\/\/chansonnier.fi\/wp-content\/uploads\/2026\/02\/Heiluvat-helmat.pdf\" type=\"attachment\" id=\"32\">Heiluvat helmat<\/a> (Cantigas de Santa Maria, lyrics Taija Paju)<\/li>\n\n\n\n<li><a href=\"https:\/\/chansonnier.fi\/wp-content\/uploads\/2026\/02\/Hey_ho_nobody_home.pdf\" type=\"attachment\" id=\"34\">Hey, ho, nobody at home<\/a>&nbsp;(Thomas Ravenscroft \/ Finnish lyrics Taija Paju)<\/li>\n\n\n\n<li><a href=\"https:\/\/chansonnier.fi\/wp-content\/uploads\/2026\/02\/I_am_a_thirst.pdf\" type=\"attachment\" id=\"36\">I am a thirst<\/a>&nbsp;(Thomas Ravenscroft \/ Finnish Lyrics Taija Paju)<\/li>\n\n\n\n<li><a href=\"https:\/\/chansonnier.fi\/wp-content\/uploads\/2026\/02\/Ioan_come_kisse_me_now.pdf\" type=\"attachment\" id=\"38\">Ioan come kisse me now<\/a>&nbsp;(Thomas Ravenscroft \/ Finnish and Swedish lyrics Taija Paju)<\/li>\n\n\n\n<li><a href=\"https:\/\/chansonnier.fi\/wp-content\/uploads\/2026\/02\/Johannan_virvaliekit.pdf\" type=\"attachment\" id=\"40\">Johannan virvaliekit<\/a>&nbsp;(melody cantiga no 79)<\/li>\n\n\n\n<li><a href=\"https:\/\/chansonnier.fi\/wp-content\/uploads\/2026\/02\/JUHLAT.pdf\" type=\"attachment\" id=\"41\">Juhlat<\/a>&nbsp;(Guillaume D&#8217;amiens\/Taija Paju, arranged for kantele)<\/li>\n\n\n\n<li><a href=\"https:\/\/chansonnier.fi\/wp-content\/uploads\/2026\/02\/Kukkuu.pdf\" type=\"attachment\" id=\"158\">Kukkuu<\/a> (melody mid 13th century English\/Finnish lyrics Taija Paju)<\/li>\n\n\n\n<li><a href=\"https:\/\/chansonnier.fi\/wp-content\/uploads\/2026\/02\/Poukan_saunaweisu.pdf\" type=\"attachment\" id=\"49\">Poukan saunaweisu<\/a>&nbsp;(melody Scot&#8217;s branle\/Taija Paju, lyrics Taija Paju)<\/li>\n\n\n\n<li><a href=\"https:\/\/chansonnier.fi\/wp-content\/uploads\/2026\/02\/Poukan_Weisu.pdf\" type=\"attachment\" id=\"50\">Poukan weisu<\/a>&nbsp;(melody Branle Charlotte\/Paillard)<\/li>\n\n\n\n<li><a href=\"https:\/\/chansonnier.fi\/wp-content\/uploads\/2026\/02\/Rautahirvi2.pdf\" type=\"attachment\" id=\"52\">Rautahirvi<\/a>&nbsp;(by Taija Paju)<\/li>\n\n\n\n<li><a href=\"https:\/\/chansonnier.fi\/wp-content\/uploads\/2026\/02\/Robin_minua_rakastaa.pdf\" type=\"attachment\" id=\"54\">Robin minua rakastaa<\/a>&nbsp;(Adam de la Halle\/Taija Paju)<\/li>\n\n\n\n<li><a href=\"https:\/\/chansonnier.fi\/wp-content\/uploads\/2026\/02\/Seppa.pdf\" type=\"attachment\" id=\"55\">Sep\u00e4n rakkaus<\/a>&nbsp;(Taija Paju)<\/li>\n\n\n\n<li><a href=\"https:\/\/chansonnier.fi\/wp-content\/uploads\/2026\/02\/Suomi.pdf\" type=\"attachment\" id=\"57\">Suomi-neidon ylistys<\/a>&nbsp;(melody Carmina Burana 200, lyrics Taija Paju)<\/li>\n\n\n\n<li><a href=\"https:\/\/chansonnier.fi\/wp-content\/uploads\/2026\/02\/Tantaratei.pdf\" type=\"attachment\" id=\"59\">Tantaratei<\/a>&nbsp;(melody Walther von der Wogelweide, Finnish lyrics Taija Paju)<\/li>\n\n\n\n<li><a href=\"https:\/\/chansonnier.fi\/wp-content\/uploads\/2026\/02\/Tavernassa.pdf\" type=\"attachment\" id=\"60\">Tavernassa<\/a>&nbsp;(melody Carmina Burana 196, lyrics Taija Paju)<\/li>\n\n\n\n<li><a href=\"https:\/\/chansonnier.fi\/wp-content\/uploads\/2026\/02\/Uffe-piraatti.pdf\" type=\"attachment\" id=\"62\">Uffe-piraatti<\/a>&nbsp;(Taija Paju)<\/li>\n\n\n\n<li><a href=\"https:\/\/chansonnier.fi\/wp-content\/uploads\/2026\/02\/Enkelit.pdf\" type=\"attachment\" id=\"30\">Vilhelmin mustat enkelit<\/a>&nbsp;(melody Carmina Burana 185, lyrics Taija Paju)<\/li>\n\n\n\n<li><a href=\"https:\/\/chansonnier.fi\/wp-content\/uploads\/2026\/02\/Vivat_Anna_Baronessa.pdf\" type=\"attachment\" id=\"66\">Vivat, Anna, Baronessa!<\/a>&nbsp;(Taija Paju)<\/li>\n\n\n\n<li><a href=\"https:\/\/chansonnier.fi\/wp-content\/uploads\/2026\/02\/Nonesuch.pdf\" type=\"attachment\" id=\"45\">Vuodenkierto<\/a>&nbsp;(melody Nonesuch, lyrics Taija Paju)<\/li>\n\n\n\n<li><a href=\"https:\/\/chansonnier.fi\/wp-content\/uploads\/2026\/02\/vaeltaja.pdf\" type=\"attachment\" id=\"65\">\u00d6inen kulkija<\/a>&nbsp;(melody Branle de Pinagay, lyrics Taija Paju)<\/li>\n<\/ul>\n\n\n\n<h2 class=\"wp-block-heading\">Songs in other languages<\/h2>\n\n\n\n<ul class=\"wp-block-list\">\n<li><a href=\"https:\/\/chansonnier.fi\/wp-content\/uploads\/2026\/02\/Agnes_och_Morales-grevinna.pdf\" type=\"attachment\" id=\"27\">Agnes och Morales<\/a>&nbsp;(Taija Paju)<\/li>\n\n\n\n<li><a href=\"https:\/\/chansonnier.fi\/wp-content\/uploads\/2026\/02\/Den_gyllene_sangfageln.pdf\" type=\"attachment\" id=\"29\">Den gyllene s\u00e5ngf\u00e5geln<\/a>&nbsp;(Taija Paju)<\/li>\n\n\n\n<li><a href=\"https:\/\/chansonnier.fi\/wp-content\/uploads\/2026\/02\/Guillelmus-vincit.pdf\" type=\"attachment\" id=\"116\">Guillelmus vincit<\/a> (modified by Taija Paju)<\/li>\n\n\n\n<li><a href=\"https:\/\/chansonnier.fi\/wp-content\/uploads\/2026\/02\/Plebs_Pouccae_hac_die.pdf\" type=\"attachment\" id=\"48\">Plebs Pouccae hac die<\/a>&nbsp;(melody Plebs Domini hac die, new text by Taija Paju)<\/li>\n\n\n\n<li><a href=\"https:\/\/chansonnier.fi\/wp-content\/uploads\/2026\/02\/St_Staffan.pdf\" type=\"attachment\" id=\"56\">St Staffan<\/a>&nbsp;(text Sveriges medeltida ballader, melody Taija Paju<\/li>\n\n\n\n<li><a href=\"https:\/\/chansonnier.fi\/wp-content\/uploads\/2026\/02\/Unge_Arttu.pdf\" type=\"attachment\" id=\"63\">Unge Arttu<\/a>&nbsp;(Taija Paju)<\/li>\n\n\n\n<li><a href=\"https:\/\/chansonnier.fi\/wp-content\/uploads\/2026\/02\/Us-fotaires.png\" type=\"attachment\" id=\"64\">Us fotaires<\/a>&nbsp;(lyrics Tribolet, melody Taija Paju)<\/li>\n<\/ul>\n\n\n\n<h2 class=\"wp-block-heading\">Instrumentals \/ soitinmusiikki<\/h2>\n\n\n\n<ul class=\"wp-block-list\">\n<li><a href=\"https:\/\/chansonnier.fi\/wp-content\/uploads\/2026\/02\/AbLalenKantele.pdf\" type=\"attachment\" id=\"26\">Ab l&#8217;alen tir vas me l&#8217;aire<\/a>&nbsp;for kantele (melody Conon de B\u00e9thune ca. 1150-1220), text Peire Vidal, 1175-1205, arranged for 5-string kantele by Taija Paju)<\/li>\n\n\n\n<li><a href=\"https:\/\/chansonnier.fi\/wp-content\/uploads\/2026\/02\/Laudemus_virginem.pdf\" type=\"attachment\" id=\"43\">Laudemus virginem<\/a>&nbsp;(Llibre Vermell de Montserrat, late 14th century, arranged for 5-string kantele by Taija Paju)<\/li>\n\n\n\n<li><a href=\"https:\/\/chansonnier.fi\/wp-content\/uploads\/2026\/02\/NovelAmourKantele.pdf\" type=\"attachment\" id=\"46\">Nouvele amour qui si m&#8217;agree<\/a>&nbsp;for 5-string kantele (Rogeret de Cambrai, 13th century,&nbsp; arranged for 5-string kantele by Taija Paju<\/li>\n\n\n\n<li><a href=\"https:\/\/chansonnier.fi\/wp-content\/uploads\/2026\/02\/PetitVriens.pdf\" type=\"attachment\" id=\"47\">Petit vriens<\/a>&nbsp;(Giovanni Ambrosio ca 1420-1484, arranged for 5-string kantele by Taija Paju)<\/li>\n<\/ul>\n\n\n\n<p><\/p>\n","protected":false},"excerpt":{"rendered":"<p>Here are some of songs I have written in medieval style, mainly for SCA (Society of Creative Anachronism) use. T\u00e4ss\u00e4 on joitakin keskiaikatyylill\u00e4 kirjoittamiani kappaleita. Songs in English Lauluja suomeksi Songs in other languages Instrumentals \/ soitinmusiikki<\/p>\n","protected":false},"author":1,"featured_media":11,"parent":0,"menu_order":0,"comment_status":"closed","ping_status":"open","template":"","meta":{"_kad_post_transparent":"","_kad_post_title":"","_kad_post_layout":"","_kad_post_sidebar_id":"","_kad_post_content_style":"","_kad_post_vertical_padding":"","_kad_post_feature":"","_kad_post_feature_position":"","_kad_post_header":false,"_kad_post_footer":false,"_kad_post_classname":"","footnotes":""},"class_list":["post-2","page","type-page","status-publish","has-post-thumbnail","hentry"],"yoast_head":"<!-- This site is optimized with the Yoast SEO plugin v27.0 - https:\/\/yoast.com\/product\/yoast-seo-wordpress\/ -->\n<title>Medievalish songs - Chansonnier de Kaarina<\/title>\n<meta name=\"robots\" content=\"index, follow, max-snippet:-1, max-image-preview:large, max-video-preview:-1\" \/>\n<link rel=\"canonical\" href=\"https:\/\/chansonnier.fi\/?page_id=2\" \/>\n<meta property=\"og:locale\" content=\"fi_FI\" \/>\n<meta property=\"og:type\" content=\"article\" \/>\n<meta property=\"og:title\" content=\"Medievalish songs - Chansonnier de Kaarina\" \/>\n<meta property=\"og:description\" content=\"Here are some of songs I have written in medieval style, mainly for SCA (Society of Creative Anachronism) use. T\u00e4ss\u00e4 on joitakin keskiaikatyylill\u00e4 kirjoittamiani kappaleita. Songs in English Lauluja suomeksi Songs in other languages Instrumentals \/ soitinmusiikki\" \/>\n<meta property=\"og:url\" content=\"https:\/\/chansonnier.fi\/?page_id=2\" \/>\n<meta property=\"og:site_name\" content=\"Chansonnier de Kaarina\" \/>\n<meta property=\"article:modified_time\" content=\"2026-02-23T20:15:55+00:00\" \/>\n<meta property=\"og:image\" content=\"https:\/\/chansonnier.fi\/wp-content\/uploads\/2026\/02\/Kaarina.jpg\" \/>\n\t<meta property=\"og:image:width\" content=\"1200\" \/>\n\t<meta property=\"og:image:height\" content=\"1600\" \/>\n\t<meta property=\"og:image:type\" content=\"image\/jpeg\" \/>\n<meta name=\"twitter:card\" content=\"summary_large_image\" \/>\n<meta name=\"twitter:label1\" content=\"Arvioitu lukuaika\" \/>\n\t<meta name=\"twitter:data1\" content=\"4 minuuttia\" \/>\n<script type=\"application\/ld+json\" class=\"yoast-schema-graph\">{\"@context\":\"https:\/\/schema.org\",\"@graph\":[{\"@type\":\"WebPage\",\"@id\":\"https:\/\/chansonnier.fi\/?page_id=2\",\"url\":\"https:\/\/chansonnier.fi\/?page_id=2\",\"name\":\"Medievalish songs - Chansonnier de Kaarina\",\"isPartOf\":{\"@id\":\"https:\/\/chansonnier.fi\/#website\"},\"primaryImageOfPage\":{\"@id\":\"https:\/\/chansonnier.fi\/?page_id=2#primaryimage\"},\"image\":{\"@id\":\"https:\/\/chansonnier.fi\/?page_id=2#primaryimage\"},\"thumbnailUrl\":\"https:\/\/chansonnier.fi\/wp-content\/uploads\/2026\/02\/Kaarina.jpg\",\"datePublished\":\"2026-02-19T17:40:50+00:00\",\"dateModified\":\"2026-02-23T20:15:55+00:00\",\"breadcrumb\":{\"@id\":\"https:\/\/chansonnier.fi\/?page_id=2#breadcrumb\"},\"inLanguage\":\"fi\",\"potentialAction\":[{\"@type\":\"ReadAction\",\"target\":[\"https:\/\/chansonnier.fi\/?page_id=2\"]}]},{\"@type\":\"ImageObject\",\"inLanguage\":\"fi\",\"@id\":\"https:\/\/chansonnier.fi\/?page_id=2#primaryimage\",\"url\":\"https:\/\/chansonnier.fi\/wp-content\/uploads\/2026\/02\/Kaarina.jpg\",\"contentUrl\":\"https:\/\/chansonnier.fi\/wp-content\/uploads\/2026\/02\/Kaarina.jpg\",\"width\":1200,\"height\":1600},{\"@type\":\"BreadcrumbList\",\"@id\":\"https:\/\/chansonnier.fi\/?page_id=2#breadcrumb\",\"itemListElement\":[{\"@type\":\"ListItem\",\"position\":1,\"name\":\"Etusivu\",\"item\":\"https:\/\/chansonnier.fi\/\"},{\"@type\":\"ListItem\",\"position\":2,\"name\":\"Medievalish songs\"}]},{\"@type\":\"WebSite\",\"@id\":\"https:\/\/chansonnier.fi\/#website\",\"url\":\"https:\/\/chansonnier.fi\/\",\"name\":\"Chansonnier de Kaarina\",\"description\":\"A collection of my songs - kokoelma laulujani\",\"potentialAction\":[{\"@type\":\"SearchAction\",\"target\":{\"@type\":\"EntryPoint\",\"urlTemplate\":\"https:\/\/chansonnier.fi\/?s={search_term_string}\"},\"query-input\":{\"@type\":\"PropertyValueSpecification\",\"valueRequired\":true,\"valueName\":\"search_term_string\"}}],\"inLanguage\":\"fi\"}]}<\/script>\n<!-- \/ Yoast SEO plugin. -->","yoast_head_json":{"title":"Medievalish songs - Chansonnier de Kaarina","robots":{"index":"index","follow":"follow","max-snippet":"max-snippet:-1","max-image-preview":"max-image-preview:large","max-video-preview":"max-video-preview:-1"},"canonical":"https:\/\/chansonnier.fi\/?page_id=2","og_locale":"fi_FI","og_type":"article","og_title":"Medievalish songs - Chansonnier de Kaarina","og_description":"Here are some of songs I have written in medieval style, mainly for SCA (Society of Creative Anachronism) use. T\u00e4ss\u00e4 on joitakin keskiaikatyylill\u00e4 kirjoittamiani kappaleita. Songs in English Lauluja suomeksi Songs in other languages Instrumentals \/ soitinmusiikki","og_url":"https:\/\/chansonnier.fi\/?page_id=2","og_site_name":"Chansonnier de Kaarina","article_modified_time":"2026-02-23T20:15:55+00:00","og_image":[{"width":1200,"height":1600,"url":"https:\/\/chansonnier.fi\/wp-content\/uploads\/2026\/02\/Kaarina.jpg","type":"image\/jpeg"}],"twitter_card":"summary_large_image","twitter_misc":{"Arvioitu lukuaika":"4 minuuttia"},"schema":{"@context":"https:\/\/schema.org","@graph":[{"@type":"WebPage","@id":"https:\/\/chansonnier.fi\/?page_id=2","url":"https:\/\/chansonnier.fi\/?page_id=2","name":"Medievalish songs - Chansonnier de Kaarina","isPartOf":{"@id":"https:\/\/chansonnier.fi\/#website"},"primaryImageOfPage":{"@id":"https:\/\/chansonnier.fi\/?page_id=2#primaryimage"},"image":{"@id":"https:\/\/chansonnier.fi\/?page_id=2#primaryimage"},"thumbnailUrl":"https:\/\/chansonnier.fi\/wp-content\/uploads\/2026\/02\/Kaarina.jpg","datePublished":"2026-02-19T17:40:50+00:00","dateModified":"2026-02-23T20:15:55+00:00","breadcrumb":{"@id":"https:\/\/chansonnier.fi\/?page_id=2#breadcrumb"},"inLanguage":"fi","potentialAction":[{"@type":"ReadAction","target":["https:\/\/chansonnier.fi\/?page_id=2"]}]},{"@type":"ImageObject","inLanguage":"fi","@id":"https:\/\/chansonnier.fi\/?page_id=2#primaryimage","url":"https:\/\/chansonnier.fi\/wp-content\/uploads\/2026\/02\/Kaarina.jpg","contentUrl":"https:\/\/chansonnier.fi\/wp-content\/uploads\/2026\/02\/Kaarina.jpg","width":1200,"height":1600},{"@type":"BreadcrumbList","@id":"https:\/\/chansonnier.fi\/?page_id=2#breadcrumb","itemListElement":[{"@type":"ListItem","position":1,"name":"Etusivu","item":"https:\/\/chansonnier.fi\/"},{"@type":"ListItem","position":2,"name":"Medievalish songs"}]},{"@type":"WebSite","@id":"https:\/\/chansonnier.fi\/#website","url":"https:\/\/chansonnier.fi\/","name":"Chansonnier de Kaarina","description":"A collection of my songs - kokoelma laulujani","potentialAction":[{"@type":"SearchAction","target":{"@type":"EntryPoint","urlTemplate":"https:\/\/chansonnier.fi\/?s={search_term_string}"},"query-input":{"@type":"PropertyValueSpecification","valueRequired":true,"valueName":"search_term_string"}}],"inLanguage":"fi"}]}},"_links":{"self":[{"href":"https:\/\/chansonnier.fi\/index.php?rest_route=\/wp\/v2\/pages\/2","targetHints":{"allow":["GET"]}}],"collection":[{"href":"https:\/\/chansonnier.fi\/index.php?rest_route=\/wp\/v2\/pages"}],"about":[{"href":"https:\/\/chansonnier.fi\/index.php?rest_route=\/wp\/v2\/types\/page"}],"author":[{"embeddable":true,"href":"https:\/\/chansonnier.fi\/index.php?rest_route=\/wp\/v2\/users\/1"}],"replies":[{"embeddable":true,"href":"https:\/\/chansonnier.fi\/index.php?rest_route=%2Fwp%2Fv2%2Fcomments&post=2"}],"version-history":[{"count":8,"href":"https:\/\/chansonnier.fi\/index.php?rest_route=\/wp\/v2\/pages\/2\/revisions"}],"predecessor-version":[{"id":160,"href":"https:\/\/chansonnier.fi\/index.php?rest_route=\/wp\/v2\/pages\/2\/revisions\/160"}],"wp:featuredmedia":[{"embeddable":true,"href":"https:\/\/chansonnier.fi\/index.php?rest_route=\/wp\/v2\/media\/11"}],"wp:attachment":[{"href":"https:\/\/chansonnier.fi\/index.php?rest_route=%2Fwp%2Fv2%2Fmedia&parent=2"}],"curies":[{"name":"wp","href":"https:\/\/api.w.org\/{rel}","templated":true}]}}