{"id":17,"date":"2026-02-22T10:36:47","date_gmt":"2026-02-22T10:36:47","guid":{"rendered":"https:\/\/chansonnier.fi\/?page_id=17"},"modified":"2026-02-22T10:45:57","modified_gmt":"2026-02-22T10:45:57","slug":"chansonnier-de-kaarina","status":"publish","type":"page","link":"https:\/\/chansonnier.fi\/","title":{"rendered":"Chansonnier de Kaarina"},"content":{"rendered":"\n<p>Welcome to Kaarina&#8217;s chansonnier. This is my online songbook, where I have published some of my songs. Please feel free to sing or play the songs for the enjoyment of yourself or others. However, should you wish to publish them or use them commercially, please <a href=\"mailto:taija.paju@gmail.com\" target=\"_blank\" rel=\"noreferrer noopener\">contact me<\/a> first.<\/p>\n\n\n\n<p>Tervetuloa Kaarinan laulukirjaan. T\u00e4m\u00e4 on julkinen laulukirjani, johon julkaisen joitakin lauluistani. T\u00e4\u00e4ll\u00e4 julkaisemani laulut ovat vapaasti laulettavissa ja k\u00e4ytett\u00e4viss\u00e4 esimerkiksi kouluissa tai kerhoissa tai harrastusyhteyksiss\u00e4. Vapaa k\u00e4ytt\u00f6 ei kata laulujeni julkaisemista tai k\u00e4ytt\u00e4mist\u00e4 kaupallisesti, joten jos tahdot luvan siihen, olethan <a href=\"mailto: taija.paju@gmail.com\">yhteydess\u00e4<\/a> minuun.<\/p>\n\n\n\n<p><\/p>\n","protected":false},"excerpt":{"rendered":"<p>Welcome to Kaarina&#8217;s chansonnier. This is my online songbook, where I have published some of my songs. Please feel free to sing or play the songs for the enjoyment of yourself or others. However, should you wish to publish them or use them commercially, please contact me first. Tervetuloa Kaarinan laulukirjaan. T\u00e4m\u00e4 on julkinen laulukirjani,&#8230;<\/p>\n","protected":false},"author":1,"featured_media":20,"parent":0,"menu_order":0,"comment_status":"closed","ping_status":"closed","template":"","meta":{"_kad_post_transparent":"default","_kad_post_title":"hide","_kad_post_layout":"normal","_kad_post_sidebar_id":"","_kad_post_content_style":"","_kad_post_vertical_padding":"","_kad_post_feature":"show","_kad_post_feature_position":"behind","_kad_post_header":false,"_kad_post_footer":false,"_kad_post_classname":"","footnotes":""},"class_list":["post-17","page","type-page","status-publish","has-post-thumbnail","hentry"],"yoast_head":"<!-- This site is optimized with the Yoast SEO plugin v27.0 - https:\/\/yoast.com\/product\/yoast-seo-wordpress\/ -->\n<title>Chansonnier de Kaarina - Chansonnier de Kaarina<\/title>\n<meta name=\"robots\" content=\"index, follow, max-snippet:-1, max-image-preview:large, max-video-preview:-1\" \/>\n<link rel=\"canonical\" href=\"https:\/\/chansonnier.fi\/\" \/>\n<meta property=\"og:locale\" content=\"fi_FI\" \/>\n<meta property=\"og:type\" content=\"article\" \/>\n<meta property=\"og:title\" content=\"Chansonnier de Kaarina - Chansonnier de Kaarina\" \/>\n<meta property=\"og:description\" content=\"Welcome to Kaarina&#8217;s chansonnier. This is my online songbook, where I have published some of my songs. Please feel free to sing or play the songs for the enjoyment of yourself or others. However, should you wish to publish them or use them commercially, please contact me first. Tervetuloa Kaarinan laulukirjaan. T\u00e4m\u00e4 on julkinen laulukirjani,...\" \/>\n<meta property=\"og:url\" content=\"https:\/\/chansonnier.fi\/\" \/>\n<meta property=\"og:site_name\" content=\"Chansonnier de Kaarina\" \/>\n<meta property=\"article:modified_time\" content=\"2026-02-22T10:45:57+00:00\" \/>\n<meta property=\"og:image\" content=\"https:\/\/chansonnier.fi\/wp-content\/uploads\/2026\/02\/KaarinaTurku.jpg\" \/>\n\t<meta property=\"og:image:width\" content=\"1200\" \/>\n\t<meta property=\"og:image:height\" content=\"604\" \/>\n\t<meta property=\"og:image:type\" content=\"image\/jpeg\" \/>\n<meta name=\"twitter:card\" content=\"summary_large_image\" \/>\n<meta name=\"twitter:label1\" content=\"Arvioitu lukuaika\" \/>\n\t<meta name=\"twitter:data1\" content=\"1 minuutti\" \/>\n<script type=\"application\/ld+json\" class=\"yoast-schema-graph\">{\"@context\":\"https:\/\/schema.org\",\"@graph\":[{\"@type\":\"WebPage\",\"@id\":\"https:\/\/chansonnier.fi\/\",\"url\":\"https:\/\/chansonnier.fi\/\",\"name\":\"Chansonnier de Kaarina - Chansonnier de Kaarina\",\"isPartOf\":{\"@id\":\"https:\/\/chansonnier.fi\/#website\"},\"primaryImageOfPage\":{\"@id\":\"https:\/\/chansonnier.fi\/#primaryimage\"},\"image\":{\"@id\":\"https:\/\/chansonnier.fi\/#primaryimage\"},\"thumbnailUrl\":\"https:\/\/chansonnier.fi\/wp-content\/uploads\/2026\/02\/KaarinaTurku.jpg\",\"datePublished\":\"2026-02-22T10:36:47+00:00\",\"dateModified\":\"2026-02-22T10:45:57+00:00\",\"breadcrumb\":{\"@id\":\"https:\/\/chansonnier.fi\/#breadcrumb\"},\"inLanguage\":\"fi\",\"potentialAction\":[{\"@type\":\"ReadAction\",\"target\":[\"https:\/\/chansonnier.fi\/\"]}]},{\"@type\":\"ImageObject\",\"inLanguage\":\"fi\",\"@id\":\"https:\/\/chansonnier.fi\/#primaryimage\",\"url\":\"https:\/\/chansonnier.fi\/wp-content\/uploads\/2026\/02\/KaarinaTurku.jpg\",\"contentUrl\":\"https:\/\/chansonnier.fi\/wp-content\/uploads\/2026\/02\/KaarinaTurku.jpg\",\"width\":1200,\"height\":604},{\"@type\":\"BreadcrumbList\",\"@id\":\"https:\/\/chansonnier.fi\/#breadcrumb\",\"itemListElement\":[{\"@type\":\"ListItem\",\"position\":1,\"name\":\"Etusivu\",\"item\":\"https:\/\/chansonnier.fi\/\"},{\"@type\":\"ListItem\",\"position\":2,\"name\":\"Chansonnier de Kaarina\"}]},{\"@type\":\"WebSite\",\"@id\":\"https:\/\/chansonnier.fi\/#website\",\"url\":\"https:\/\/chansonnier.fi\/\",\"name\":\"Chansonnier de Kaarina\",\"description\":\"A collection of my songs - kokoelma laulujani\",\"potentialAction\":[{\"@type\":\"SearchAction\",\"target\":{\"@type\":\"EntryPoint\",\"urlTemplate\":\"https:\/\/chansonnier.fi\/?s={search_term_string}\"},\"query-input\":{\"@type\":\"PropertyValueSpecification\",\"valueRequired\":true,\"valueName\":\"search_term_string\"}}],\"inLanguage\":\"fi\"}]}<\/script>\n<!-- \/ Yoast SEO plugin. -->","yoast_head_json":{"title":"Chansonnier de Kaarina - Chansonnier de Kaarina","robots":{"index":"index","follow":"follow","max-snippet":"max-snippet:-1","max-image-preview":"max-image-preview:large","max-video-preview":"max-video-preview:-1"},"canonical":"https:\/\/chansonnier.fi\/","og_locale":"fi_FI","og_type":"article","og_title":"Chansonnier de Kaarina - Chansonnier de Kaarina","og_description":"Welcome to Kaarina&#8217;s chansonnier. This is my online songbook, where I have published some of my songs. Please feel free to sing or play the songs for the enjoyment of yourself or others. However, should you wish to publish them or use them commercially, please contact me first. Tervetuloa Kaarinan laulukirjaan. T\u00e4m\u00e4 on julkinen laulukirjani,...","og_url":"https:\/\/chansonnier.fi\/","og_site_name":"Chansonnier de Kaarina","article_modified_time":"2026-02-22T10:45:57+00:00","og_image":[{"width":1200,"height":604,"url":"https:\/\/chansonnier.fi\/wp-content\/uploads\/2026\/02\/KaarinaTurku.jpg","type":"image\/jpeg"}],"twitter_card":"summary_large_image","twitter_misc":{"Arvioitu lukuaika":"1 minuutti"},"schema":{"@context":"https:\/\/schema.org","@graph":[{"@type":"WebPage","@id":"https:\/\/chansonnier.fi\/","url":"https:\/\/chansonnier.fi\/","name":"Chansonnier de Kaarina - Chansonnier de Kaarina","isPartOf":{"@id":"https:\/\/chansonnier.fi\/#website"},"primaryImageOfPage":{"@id":"https:\/\/chansonnier.fi\/#primaryimage"},"image":{"@id":"https:\/\/chansonnier.fi\/#primaryimage"},"thumbnailUrl":"https:\/\/chansonnier.fi\/wp-content\/uploads\/2026\/02\/KaarinaTurku.jpg","datePublished":"2026-02-22T10:36:47+00:00","dateModified":"2026-02-22T10:45:57+00:00","breadcrumb":{"@id":"https:\/\/chansonnier.fi\/#breadcrumb"},"inLanguage":"fi","potentialAction":[{"@type":"ReadAction","target":["https:\/\/chansonnier.fi\/"]}]},{"@type":"ImageObject","inLanguage":"fi","@id":"https:\/\/chansonnier.fi\/#primaryimage","url":"https:\/\/chansonnier.fi\/wp-content\/uploads\/2026\/02\/KaarinaTurku.jpg","contentUrl":"https:\/\/chansonnier.fi\/wp-content\/uploads\/2026\/02\/KaarinaTurku.jpg","width":1200,"height":604},{"@type":"BreadcrumbList","@id":"https:\/\/chansonnier.fi\/#breadcrumb","itemListElement":[{"@type":"ListItem","position":1,"name":"Etusivu","item":"https:\/\/chansonnier.fi\/"},{"@type":"ListItem","position":2,"name":"Chansonnier de Kaarina"}]},{"@type":"WebSite","@id":"https:\/\/chansonnier.fi\/#website","url":"https:\/\/chansonnier.fi\/","name":"Chansonnier de Kaarina","description":"A collection of my songs - kokoelma laulujani","potentialAction":[{"@type":"SearchAction","target":{"@type":"EntryPoint","urlTemplate":"https:\/\/chansonnier.fi\/?s={search_term_string}"},"query-input":{"@type":"PropertyValueSpecification","valueRequired":true,"valueName":"search_term_string"}}],"inLanguage":"fi"}]}},"_links":{"self":[{"href":"https:\/\/chansonnier.fi\/index.php?rest_route=\/wp\/v2\/pages\/17","targetHints":{"allow":["GET"]}}],"collection":[{"href":"https:\/\/chansonnier.fi\/index.php?rest_route=\/wp\/v2\/pages"}],"about":[{"href":"https:\/\/chansonnier.fi\/index.php?rest_route=\/wp\/v2\/types\/page"}],"author":[{"embeddable":true,"href":"https:\/\/chansonnier.fi\/index.php?rest_route=\/wp\/v2\/users\/1"}],"replies":[{"embeddable":true,"href":"https:\/\/chansonnier.fi\/index.php?rest_route=%2Fwp%2Fv2%2Fcomments&post=17"}],"version-history":[{"count":2,"href":"https:\/\/chansonnier.fi\/index.php?rest_route=\/wp\/v2\/pages\/17\/revisions"}],"predecessor-version":[{"id":19,"href":"https:\/\/chansonnier.fi\/index.php?rest_route=\/wp\/v2\/pages\/17\/revisions\/19"}],"wp:featuredmedia":[{"embeddable":true,"href":"https:\/\/chansonnier.fi\/index.php?rest_route=\/wp\/v2\/media\/20"}],"wp:attachment":[{"href":"https:\/\/chansonnier.fi\/index.php?rest_route=%2Fwp%2Fv2%2Fmedia&parent=17"}],"curies":[{"name":"wp","href":"https:\/\/api.w.org\/{rel}","templated":true}]}}