{"id":15,"date":"2026-02-22T12:05:34","date_gmt":"2026-02-22T12:05:34","guid":{"rendered":"https:\/\/chansonnier.fi\/?page_id=15"},"modified":"2026-02-22T19:58:47","modified_gmt":"2026-02-22T19:58:47","slug":"lastenlaulut","status":"publish","type":"page","link":"https:\/\/chansonnier.fi\/?page_id=15","title":{"rendered":"Lastenlaulut"},"content":{"rendered":"\n<p>Osassa lauluista on kuvitus, ne ovat serkkuni, taidegraafikko Senni Hernej\u00e4rven k\u00e4sialaa.<\/p>\n\n\n\n<p>Some of the songs have been illustrated by my cousin, the graphic artist Senni Hernej\u00e4rvi.<\/p>\n\n\n\n<ul class=\"wp-block-list\">\n<li><a href=\"https:\/\/chansonnier.fi\/wp-content\/uploads\/2026\/02\/Hellin-hellin.pdf\" type=\"attachment\" id=\"75\">Hellin hellin<\/a><\/li>\n\n\n\n<li><a href=\"https:\/\/chansonnier.fi\/wp-content\/uploads\/2026\/02\/Hiirten_voi.pdf\" type=\"attachment\" id=\"76\">Hiirten voi<\/a><\/li>\n\n\n\n<li><a href=\"https:\/\/chansonnier.fi\/wp-content\/uploads\/2026\/02\/Kaapparikapteeni.pdf\" type=\"attachment\" id=\"78\">Kaapparikapteeni<\/a><\/li>\n\n\n\n<li><a href=\"https:\/\/chansonnier.fi\/wp-content\/uploads\/2026\/02\/JUHLAT.pdf\" type=\"attachment\" id=\"41\">Keijujen juhlat<\/a><\/li>\n\n\n\n<li><a href=\"https:\/\/chansonnier.fi\/wp-content\/uploads\/2026\/02\/Kirppu.pdf\" type=\"attachment\" id=\"80\">Kirppu<\/a><\/li>\n\n\n\n<li><a href=\"https:\/\/chansonnier.fi\/wp-content\/uploads\/2026\/02\/Pieni_viikinkipoika.pdf\" type=\"attachment\" id=\"84\">Pieni viikinkipoika<\/a><\/li>\n\n\n\n<li><a href=\"https:\/\/chansonnier.fi\/wp-content\/uploads\/2026\/02\/Pikku_hauki.pdf\" type=\"attachment\" id=\"85\">Pikku hauki<\/a><\/li>\n\n\n\n<li><a href=\"https:\/\/chansonnier.fi\/wp-content\/uploads\/2026\/02\/Soudathan-kanssani.pdf\" type=\"attachment\" id=\"93\">Soudathan kanssani<\/a><\/li>\n\n\n\n<li><a href=\"https:\/\/chansonnier.fi\/wp-content\/uploads\/2026\/02\/Uffe-piraatti.pdf\" type=\"attachment\" id=\"62\">Uffe-piraatti<\/a><\/li>\n\n\n\n<li><a href=\"https:\/\/chansonnier.fi\/wp-content\/uploads\/2026\/02\/Uni-kurkkii.pdf\" type=\"attachment\" id=\"96\">Uni kurkkii<\/a><\/li>\n<\/ul>\n\n\n\n<h2 class=\"wp-block-heading\">Leikkilaulut<\/h2>\n\n\n\n<ul class=\"wp-block-list\">\n<li><a href=\"https:\/\/chansonnier.fi\/wp-content\/uploads\/2026\/02\/Jalka-nousee.compressed.pdf\" type=\"attachment\" id=\"77\">Jalka nousee<\/a><\/li>\n\n\n\n<li><a href=\"https:\/\/chansonnier.fi\/wp-content\/uploads\/2026\/02\/Karhujen-vuosi.pdf\" type=\"attachment\" id=\"79\">Karhujen vuosi<\/a><\/li>\n\n\n\n<li><a href=\"https:\/\/chansonnier.fi\/wp-content\/uploads\/2026\/02\/Kohtaamisia.compressed.pdf\" type=\"attachment\" id=\"81\">Kohtaamisia<\/a><\/li>\n\n\n\n<li><a href=\"https:\/\/chansonnier.fi\/wp-content\/uploads\/2026\/02\/Lapsiorkesteri.pdf\" type=\"attachment\" id=\"101\">Lapsiorkesteri<\/a><\/li>\n\n\n\n<li><a href=\"https:\/\/chansonnier.fi\/wp-content\/uploads\/2026\/02\/Laulujen-loppu.pdf\" type=\"attachment\" id=\"102\">Laulujen loppu<\/a><\/li>\n\n\n\n<li><a href=\"https:\/\/chansonnier.fi\/wp-content\/uploads\/2026\/02\/Pellolla.pdf\" type=\"attachment\" id=\"103\">Pellolla<\/a><\/li>\n\n\n\n<li><a href=\"https:\/\/chansonnier.fi\/wp-content\/uploads\/2026\/02\/Pitka-maantie.pdf\" type=\"attachment\" id=\"86\">Pitk\u00e4 maantie<\/a><\/li>\n\n\n\n<li><a href=\"https:\/\/chansonnier.fi\/wp-content\/uploads\/2026\/02\/Pomppiva-pallo.pdf\" type=\"attachment\" id=\"87\">Pomppiva pallo<\/a><\/li>\n\n\n\n<li><a href=\"https:\/\/chansonnier.fi\/wp-content\/uploads\/2026\/02\/Pyorin-ja-pompin-kinkkaan-ja-juoksen-min.pdf\" type=\"attachment\" id=\"88\">Py\u00f6rin ja pompin \/ kinkkaan ja juoksen<\/a><\/li>\n\n\n\n<li><a href=\"https:\/\/chansonnier.fi\/wp-content\/uploads\/2026\/02\/Retki-kaivolle.compressed.pdf\" type=\"attachment\" id=\"89\">Retki kaivolle<\/a><\/li>\n\n\n\n<li><a href=\"https:\/\/chansonnier.fi\/wp-content\/uploads\/2026\/02\/Ripsottaa.pdf\" type=\"attachment\" id=\"90\">Sadekuuro<\/a><\/li>\n\n\n\n<li><a href=\"https:\/\/chansonnier.fi\/wp-content\/uploads\/2026\/02\/Siivotaan-siivotaan.pdf\" type=\"attachment\" id=\"91\">Siivotaan siivotaan<\/a><\/li>\n\n\n\n<li><a href=\"https:\/\/chansonnier.fi\/wp-content\/uploads\/2026\/02\/Soita-rumpua-min.pdf\" type=\"attachment\" id=\"92\">Soita rumpua<\/a><\/li>\n\n\n\n<li><a href=\"https:\/\/chansonnier.fi\/wp-content\/uploads\/2026\/02\/Tie-vie.pdf\" type=\"attachment\" id=\"94\">Tie vie<\/a><\/li>\n\n\n\n<li><a href=\"https:\/\/chansonnier.fi\/wp-content\/uploads\/2026\/02\/Tule-tule-min.pdf\" type=\"attachment\" id=\"95\">Tule tule<\/a><\/li>\n\n\n\n<li><a href=\"https:\/\/chansonnier.fi\/wp-content\/uploads\/2026\/02\/Viidakkolaulu.pdf\" type=\"attachment\" id=\"98\">Viidakkolaulu<\/a><\/li>\n\n\n\n<li><a href=\"https:\/\/chansonnier.fi\/wp-content\/uploads\/2026\/02\/Vuorenpeikko.pdf\" type=\"attachment\" id=\"99\">Vuorenpeikko<\/a><\/li>\n\n\n\n<li><a href=\"https:\/\/chansonnier.fi\/wp-content\/uploads\/2026\/02\/Vareja.compressed.pdf\" type=\"attachment\" id=\"97\">V\u00e4rej\u00e4<\/a><\/li>\n\n\n\n<li><a href=\"https:\/\/chansonnier.fi\/wp-content\/uploads\/2026\/02\/Yksi-ja-kaksi-min.pdf\" type=\"attachment\" id=\"71\">Yksi ja kaksi<\/a><\/li>\n<\/ul>\n\n\n\n<h2 class=\"wp-block-heading\">Barns\u00e5nger (p\u00e5 svenska)<\/h2>\n\n\n\n<ul class=\"wp-block-list\">\n<li><a href=\"https:\/\/chansonnier.fi\/wp-content\/uploads\/2026\/02\/Benet_upp-med-bild.pdf\" type=\"attachment\" id=\"72\">Benet upp!<\/a><\/li>\n\n\n\n<li><a href=\"https:\/\/chansonnier.fi\/wp-content\/uploads\/2026\/02\/En_och_tva-med-bild.pdf\" type=\"attachment\" id=\"73\">En och tv\u00e5<\/a><\/li>\n\n\n\n<li><a href=\"https:\/\/chansonnier.fi\/wp-content\/uploads\/2026\/02\/Fina_vagar-med-bild.pdf\" type=\"attachment\" id=\"74\">Fina v\u00e4gar<\/a><\/li>\n\n\n\n<li><a href=\"https:\/\/chansonnier.fi\/wp-content\/uploads\/2026\/02\/Loppan-med-bild.pdf\" type=\"attachment\" id=\"82\">Loppan<\/a><\/li>\n<\/ul>\n\n\n\n<h2 class=\"wp-block-heading\">Children&#8217;s songs (in English)<\/h2>\n\n\n\n<ul class=\"wp-block-list\">\n<li><a href=\"https:\/\/chansonnier.fi\/wp-content\/uploads\/2026\/02\/Mister_moon_what_do_you_do_.pdf\" type=\"attachment\" id=\"83\">Mr Moon what do you do?<\/a><\/li>\n\n\n\n<li><a href=\"https:\/\/chansonnier.fi\/wp-content\/uploads\/2026\/02\/Slumber_slumber_sleepy_sparrow.pdf\" type=\"attachment\" id=\"118\">Slumber, slumber sleepy sparrow<\/a><\/li>\n<\/ul>\n","protected":false},"excerpt":{"rendered":"<p>Osassa lauluista on kuvitus, ne ovat serkkuni, taidegraafikko Senni Hernej\u00e4rven k\u00e4sialaa. Some of the songs have been illustrated by my cousin, the graphic artist Senni Hernej\u00e4rvi. Leikkilaulut Barns\u00e5nger (p\u00e5 svenska) Children&#8217;s songs (in English)<\/p>\n","protected":false},"author":1,"featured_media":0,"parent":0,"menu_order":0,"comment_status":"closed","ping_status":"closed","template":"","meta":{"_kad_post_transparent":"","_kad_post_title":"","_kad_post_layout":"","_kad_post_sidebar_id":"","_kad_post_content_style":"","_kad_post_vertical_padding":"","_kad_post_feature":"","_kad_post_feature_position":"","_kad_post_header":false,"_kad_post_footer":false,"_kad_post_classname":"","footnotes":""},"class_list":["post-15","page","type-page","status-publish","hentry"],"yoast_head":"<!-- This site is optimized with the Yoast SEO plugin v27.0 - https:\/\/yoast.com\/product\/yoast-seo-wordpress\/ -->\n<title>Lastenlaulut - Chansonnier de Kaarina<\/title>\n<meta name=\"robots\" content=\"index, follow, max-snippet:-1, max-image-preview:large, max-video-preview:-1\" \/>\n<link rel=\"canonical\" href=\"https:\/\/chansonnier.fi\/?page_id=15\" \/>\n<meta property=\"og:locale\" content=\"fi_FI\" \/>\n<meta property=\"og:type\" content=\"article\" \/>\n<meta property=\"og:title\" content=\"Lastenlaulut - Chansonnier de Kaarina\" \/>\n<meta property=\"og:description\" content=\"Osassa lauluista on kuvitus, ne ovat serkkuni, taidegraafikko Senni Hernej\u00e4rven k\u00e4sialaa. Some of the songs have been illustrated by my cousin, the graphic artist Senni Hernej\u00e4rvi. Leikkilaulut Barns\u00e5nger (p\u00e5 svenska) Children&#8217;s songs (in English)\" \/>\n<meta property=\"og:url\" content=\"https:\/\/chansonnier.fi\/?page_id=15\" \/>\n<meta property=\"og:site_name\" content=\"Chansonnier de Kaarina\" \/>\n<meta property=\"article:modified_time\" content=\"2026-02-22T19:58:47+00:00\" \/>\n<meta name=\"twitter:card\" content=\"summary_large_image\" \/>\n<meta name=\"twitter:label1\" content=\"Arvioitu lukuaika\" \/>\n\t<meta name=\"twitter:data1\" content=\"1 minuutti\" \/>\n<script type=\"application\/ld+json\" class=\"yoast-schema-graph\">{\"@context\":\"https:\/\/schema.org\",\"@graph\":[{\"@type\":\"WebPage\",\"@id\":\"https:\/\/chansonnier.fi\/?page_id=15\",\"url\":\"https:\/\/chansonnier.fi\/?page_id=15\",\"name\":\"Lastenlaulut - Chansonnier de Kaarina\",\"isPartOf\":{\"@id\":\"https:\/\/chansonnier.fi\/#website\"},\"datePublished\":\"2026-02-22T12:05:34+00:00\",\"dateModified\":\"2026-02-22T19:58:47+00:00\",\"breadcrumb\":{\"@id\":\"https:\/\/chansonnier.fi\/?page_id=15#breadcrumb\"},\"inLanguage\":\"fi\",\"potentialAction\":[{\"@type\":\"ReadAction\",\"target\":[\"https:\/\/chansonnier.fi\/?page_id=15\"]}]},{\"@type\":\"BreadcrumbList\",\"@id\":\"https:\/\/chansonnier.fi\/?page_id=15#breadcrumb\",\"itemListElement\":[{\"@type\":\"ListItem\",\"position\":1,\"name\":\"Etusivu\",\"item\":\"https:\/\/chansonnier.fi\/\"},{\"@type\":\"ListItem\",\"position\":2,\"name\":\"Lastenlaulut\"}]},{\"@type\":\"WebSite\",\"@id\":\"https:\/\/chansonnier.fi\/#website\",\"url\":\"https:\/\/chansonnier.fi\/\",\"name\":\"Chansonnier de Kaarina\",\"description\":\"A collection of my songs - kokoelma laulujani\",\"potentialAction\":[{\"@type\":\"SearchAction\",\"target\":{\"@type\":\"EntryPoint\",\"urlTemplate\":\"https:\/\/chansonnier.fi\/?s={search_term_string}\"},\"query-input\":{\"@type\":\"PropertyValueSpecification\",\"valueRequired\":true,\"valueName\":\"search_term_string\"}}],\"inLanguage\":\"fi\"}]}<\/script>\n<!-- \/ Yoast SEO plugin. -->","yoast_head_json":{"title":"Lastenlaulut - Chansonnier de Kaarina","robots":{"index":"index","follow":"follow","max-snippet":"max-snippet:-1","max-image-preview":"max-image-preview:large","max-video-preview":"max-video-preview:-1"},"canonical":"https:\/\/chansonnier.fi\/?page_id=15","og_locale":"fi_FI","og_type":"article","og_title":"Lastenlaulut - Chansonnier de Kaarina","og_description":"Osassa lauluista on kuvitus, ne ovat serkkuni, taidegraafikko Senni Hernej\u00e4rven k\u00e4sialaa. Some of the songs have been illustrated by my cousin, the graphic artist Senni Hernej\u00e4rvi. Leikkilaulut Barns\u00e5nger (p\u00e5 svenska) Children&#8217;s songs (in English)","og_url":"https:\/\/chansonnier.fi\/?page_id=15","og_site_name":"Chansonnier de Kaarina","article_modified_time":"2026-02-22T19:58:47+00:00","twitter_card":"summary_large_image","twitter_misc":{"Arvioitu lukuaika":"1 minuutti"},"schema":{"@context":"https:\/\/schema.org","@graph":[{"@type":"WebPage","@id":"https:\/\/chansonnier.fi\/?page_id=15","url":"https:\/\/chansonnier.fi\/?page_id=15","name":"Lastenlaulut - Chansonnier de Kaarina","isPartOf":{"@id":"https:\/\/chansonnier.fi\/#website"},"datePublished":"2026-02-22T12:05:34+00:00","dateModified":"2026-02-22T19:58:47+00:00","breadcrumb":{"@id":"https:\/\/chansonnier.fi\/?page_id=15#breadcrumb"},"inLanguage":"fi","potentialAction":[{"@type":"ReadAction","target":["https:\/\/chansonnier.fi\/?page_id=15"]}]},{"@type":"BreadcrumbList","@id":"https:\/\/chansonnier.fi\/?page_id=15#breadcrumb","itemListElement":[{"@type":"ListItem","position":1,"name":"Etusivu","item":"https:\/\/chansonnier.fi\/"},{"@type":"ListItem","position":2,"name":"Lastenlaulut"}]},{"@type":"WebSite","@id":"https:\/\/chansonnier.fi\/#website","url":"https:\/\/chansonnier.fi\/","name":"Chansonnier de Kaarina","description":"A collection of my songs - kokoelma laulujani","potentialAction":[{"@type":"SearchAction","target":{"@type":"EntryPoint","urlTemplate":"https:\/\/chansonnier.fi\/?s={search_term_string}"},"query-input":{"@type":"PropertyValueSpecification","valueRequired":true,"valueName":"search_term_string"}}],"inLanguage":"fi"}]}},"_links":{"self":[{"href":"https:\/\/chansonnier.fi\/index.php?rest_route=\/wp\/v2\/pages\/15","targetHints":{"allow":["GET"]}}],"collection":[{"href":"https:\/\/chansonnier.fi\/index.php?rest_route=\/wp\/v2\/pages"}],"about":[{"href":"https:\/\/chansonnier.fi\/index.php?rest_route=\/wp\/v2\/types\/page"}],"author":[{"embeddable":true,"href":"https:\/\/chansonnier.fi\/index.php?rest_route=\/wp\/v2\/users\/1"}],"replies":[{"embeddable":true,"href":"https:\/\/chansonnier.fi\/index.php?rest_route=%2Fwp%2Fv2%2Fcomments&post=15"}],"version-history":[{"count":5,"href":"https:\/\/chansonnier.fi\/index.php?rest_route=\/wp\/v2\/pages\/15\/revisions"}],"predecessor-version":[{"id":119,"href":"https:\/\/chansonnier.fi\/index.php?rest_route=\/wp\/v2\/pages\/15\/revisions\/119"}],"wp:attachment":[{"href":"https:\/\/chansonnier.fi\/index.php?rest_route=%2Fwp%2Fv2%2Fmedia&parent=15"}],"curies":[{"name":"wp","href":"https:\/\/api.w.org\/{rel}","templated":true}]}}