{"id":126,"date":"2026-02-22T19:18:22","date_gmt":"2026-02-22T19:18:22","guid":{"rendered":"https:\/\/chansonnier.fi\/?page_id=126"},"modified":"2026-02-23T20:19:53","modified_gmt":"2026-02-23T20:19:53","slug":"loruja","status":"publish","type":"page","link":"https:\/\/chansonnier.fi\/?page_id=126","title":{"rendered":"Loruja"},"content":{"rendered":"\n<h2 class=\"wp-block-heading\">Maalaisel\u00e4m\u00e4 ja luonto<\/h2>\n\n\n\n<details class=\"wp-block-details is-layout-flow wp-block-details-is-layout-flow\"><summary>Elli ja muurahainen<\/summary>\n<p><br>Meid\u00e4n pieni Elli<br>nurmikolla kelli.<br>Saapui siihen muurahainen<br>sanoi &#8221;Olet iso kummajainen!&#8221;.<br>Elli siit\u00e4 suivaantui<br>ja murkun p\u00e4\u00e4lle istuutui.<br>Peppuun puri muurahainen,<br>vaan silloin huusi kimalainen:<br>&#8221;Ei ole j\u00e4rjen h\u00e4iv\u00e4\u00e4<br>riitaan k\u00e4ytt\u00e4\u00e4 kes\u00e4p\u00e4iv\u00e4\u00e4!<br>Nyt on kyll\u00e4 sovun paikka,<br>piilosille k\u00e4yk\u00e4\u00e4 vaikka&#8221;.<br>Kinansa he sopivat<br>ja toinen toistaan hakivat.<br>Niin sai Elli-tytt\u00f6nen<br>yst\u00e4v\u00e4ksi hy\u00f6nteisen.<\/p>\n\n\n\n<p><\/p>\n<\/details>\n\n\n\n<details class=\"wp-block-details is-layout-flow wp-block-details-is-layout-flow\"><summary>Kanan taika<\/summary>\n<p><br>Kana muni kultamunan,<br>sanoi lorun &#8221;niks ja naks&#8221;,<br>muna muuttui suuremmaks.<br>Kana sill\u00e4 lehm\u00e4n osti,<br>lehm\u00e4 sangon kermaa lypsi.<br>Kana sanoi &#8221;niks ja naks&#8221;,<br>kerma muuttui paksummaks.<br>Kana siit\u00e4 juuston teki,<br>kaupunkiin sen kieritteli.<br>Kuninkaalle tarjosi,<br>jyvi\u00e4 sai palkaksi.<\/p>\n<\/details>\n\n\n\n<details class=\"wp-block-details is-layout-flow wp-block-details-is-layout-flow\"><summary>Lampaan hammas<\/summary>\n<p><br>Voi kurja miten hurja<br>himo kaikkiin makeisiin<br>voi olla olennolla.<br>Se k\u00e4y hampaisiin.<\/p>\n\n\n\n<p>Meid\u00e4n lampaan etuhampaan<br>rikkoi hammaspeikko,<br>sill\u00e4 karjan hammasharjan<br>teho oli heikko.<\/p>\n\n\n\n<p>Mutta vaikka siihen paikka<br>saatiin, lammas yh\u00e4 huusi.<br>J\u00e4i melko suuri pelko,<br>ett\u00e4 tulis reik\u00e4 uusi.<\/p>\n\n\n\n<p>Oli pakko herkkulakko<br>lammasparan aloittaa:<br>Nauriin naatti ja pinaatti<br>sokerpalan voittaa.<\/p>\n<\/details>\n\n\n\n<details class=\"wp-block-details is-layout-flow wp-block-details-is-layout-flow\"><summary>M\u00e4k\u00e4r\u00e4isen m\u00f6k\u00f6tys<\/summary>\n<p><br>M\u00e4k\u00e4r\u00e4inen m\u00f6k\u00f6tt\u00e4\u00e4,<br>kun ei yht\u00e4\u00e4n \u00f6t\u00f6kk\u00e4\u00e4<br>prinssin h\u00e4ihin kutsuttu.<br>Surkea ja torjuttu<br>hy\u00f6nteisparan olo on.<br>Vaan onneksi on onneton<br>muisti p\u00f6rri\u00e4isell\u00e4.<br>Jo hetken p\u00e4\u00e4st\u00e4 keveell\u00e4<br>mielell\u00e4 se lentelee<br>ja iloisena laulelee.<\/p>\n<\/details>\n\n\n\n<details class=\"wp-block-details is-layout-flow wp-block-details-is-layout-flow\"><summary>Ruoka-aika<\/summary>\n<p><br>Pieni possu r\u00f6hkii,<br>r\u00f6h r\u00f6h r\u00f6h,<br>huokaa: &#8221;Tuokaa ruokaa&#8221;,<br>r\u00f6h r\u00f6h r\u00f6h,<br>herneit\u00e4 viisi,<br>nauriita nelj\u00e4,<br>kaloja kolme,<br>pottuja kaksi,<br>omppuja yksi.<\/p>\n\n\n\n<p>Pieni lammas m\u00e4\u00e4kii,<br>m\u00e4\u00e4 m\u00e4\u00e4 m\u00e4\u00e4,<br>huokaa: &#8221;Tuokaa ruokaa&#8221;,<br>m\u00e4\u00e4 m\u00e4\u00e4 m\u00e4\u00e4,<br>horsmia viisi,<br>naatteja nelj\u00e4,<br>kerppuja kolme,<br>kaaleja kaksi,<br>leipi\u00e4 yksi.<\/p>\n<\/details>\n\n\n\n<details class=\"wp-block-details is-layout-flow wp-block-details-is-layout-flow\"><summary>Syksy<\/summary>\n<p><br>Punaisia puolukoita,<br>maistuvia omenoita,<br>kiilt\u00e4vi\u00e4 l\u00e4t\u00e4k\u00f6it\u00e4,<br>kuulaita ja myrsky\u00f6it\u00e4.<br>Lehtikasat kahisevat,<br>hanhiparvet huutelevat.<br>Viilenev\u00e4t syksys\u00e4\u00e4t<br>vuotamaan saa nen\u00e4np\u00e4\u00e4t.<\/p>\n<\/details>\n\n\n\n<details class=\"wp-block-details is-layout-flow wp-block-details-is-layout-flow\"><summary>Talon komea kukko<\/summary>\n<p><br>P\u00e4iv\u00e4 nousee mets\u00e4n takaa,<br>kopissansa musti makaa.<br>Raikkaan kes\u00e4p\u00e4iv\u00e4n uuden<br>varhaisaamun hiljaisuuden<br>laulullansa rikkoo<br>talon komea kukko.<br><br>Touhu t\u00e4ytt\u00e4\u00e4 pihamaan,<br>v\u00e4ki rient\u00e4\u00e4 puuhissaan.<br>Kanat pihan tarkkaan tonkii,<br>nokillansa madot onkii.<br>Vaimojansa vahtii<br>talon komea kukko.<br><br>Hellan l\u00e4mp\u00f6 nukuttaa,<br>kissaa kovin haukottaa.<br>Kanalassa orret notkuu,<br>kylki kyljess&#8217; kanat nukkuu.<br>Ylimp\u00e4n\u00e4 torkkuu<br>talon komea kukko.<\/p>\n\n\n\n<p><\/p>\n<\/details>\n\n\n\n<details class=\"wp-block-details is-layout-flow wp-block-details-is-layout-flow\"><summary>Ukon kukko<\/summary>\n<p><br>Naapurissa asui ukko, <br>jolla oli uusi kukko: <br>sen pyrst\u00f6 iso h\u00f6yhentukko <br>ja nokassansa roikkui lukko. <br>Vaan ukko lukon avasi <br>eik\u00e4 en\u00e4\u00e4 saanut takaisin, <br>kun kukko pihaa ravasi <br>ja huusi KUKKOKIEKUU!<\/p>\n<\/details>\n\n\n\n<h2 class=\"wp-block-heading\">Vanha aika ja taruolennot<\/h2>\n\n\n\n<details class=\"wp-block-details is-layout-flow wp-block-details-is-layout-flow\"><summary>Kalansaalis<\/summary>\n<p><br>Min\u00e4 l\u00f6ysin narunp\u00e4tk\u00e4n.<br>Mit\u00e4 sill\u00e4 puuhasit?<br>Nuottaa sill\u00e4 vetelin<br>Saitko yht\u00e4\u00e4n saalista?<br>Sangollisen hailia.<br>Kuinka hailit laitettiin?<br>Voissahan ne paistettiin.<br>S\u00e4itk\u00f6 itse, s\u00f6ik\u00f6 muut?<br>S\u00f6ipi rikkaat herkkusuut.<br>Maksoivatko hyv\u00e4n hinnan?<br>Hevosen ja pienen linnan.<\/p>\n<\/details>\n\n\n\n<details class=\"wp-block-details is-layout-flow wp-block-details-is-layout-flow\"><summary>Kartanossa kyl\u00e4sell\u00e4<\/summary>\n<p><br>K\u00e4vin kerran kartanossa, <br>jossa p\u00e4reet paloi p\u00e4iv\u00e4sell\u00e4, <br>suvena valkeat valaisi.<br>Oli kermaa kissan kupposessa, <br>paisti Penin p\u00e4iv\u00e4sen\u00e4, <br>piikasella silkkisukat, <br>rengill\u00e4kin riuska ratsu.<br>Kaiken p\u00e4iv\u00e4\u00e4 lapset leikki, <br>huolta vailla hyppelehti.<\/p>\n<\/details>\n\n\n\n<details class=\"wp-block-details is-layout-flow wp-block-details-is-layout-flow\"><summary>Liisin eineet<\/summary>\n<p><br>Liisi laittoi parempaa sy\u00f6t\u00e4v\u00e4\u00e4 kuin kukaan:<br>Kun hoimies tuli vierailulle, nappas leiv\u00e4n mukaan.<\/p>\n\n\n\n<p>Paastop\u00e4iv\u00e4n piirakoita paistoi meid\u00e4n Liisi,<br>pappi kerran pisteli poskeen niit\u00e4 viisi.<\/p>\n\n\n\n<p>Kun Liisi perheen p\u00e4iv\u00e4seksi kaalisopan keitti,<br>R\u00e4lssimies s\u00f6ikin kaiken, palkaks&#8217; markan heitti.<\/p>\n\n\n\n<p>Padan kannen nostaessaan aina sai h\u00e4n varoa,<br>Joku aina lusikallaan puurot koitti haroa.<\/p>\n\n\n\n<p>Vaan hyv\u00e4 loppuu aikanaan ja Liisin taru p\u00e4\u00e4ttyi,<br>Ei muruakaan j\u00e4\u00e4nyt h\u00e4lle, n\u00e4lk\u00e4\u00e4n raukka n\u00e4\u00e4ntyi.<\/p>\n<\/details>\n\n\n\n<details class=\"wp-block-details is-layout-flow wp-block-details-is-layout-flow\"><summary>Mennink\u00e4isen mietinn\u00e4t<\/summary>\n<p><br>Mit\u00e4 mietit, mennink\u00e4inen,<br>peikkopoika p\u00f6rr\u00f6p\u00e4inen?<br>Mietin mit\u00e4 virta tuopi,<br>mit\u00e4 keijukaiset juopi,<br>minne taivaan pilvet rient\u00e4\u00e4,<br>minne lintuparvet lent\u00e4\u00e4,<br>mist\u00e4 syntyy laulu uusi,<br>mit\u00e4 pohtii joulukuusi,<br>miks&#8217; ihmislapset surut itkee,<br>mut isommat ne sis\u00e4\u00e4n k\u00e4tkee.<\/p>\n<\/details>\n\n\n\n<details class=\"wp-block-details is-layout-flow wp-block-details-is-layout-flow\"><summary>Noitien leip\u00e4<\/summary>\n<p><br>Oli kaksi noita-akkaa.<br>Hebla kantoi jauhovakkaa,<br>&#8221;Leiv\u00e4n leivon&#8221; sanoi h\u00e4n,<br>vaan Dorli virkkoi &#8221;Enemm\u00e4n<br>me tarvitsemme niit\u00e4,<br>ei yksi leip\u00e4 meille riit\u00e4!<br>Vain v\u00e4h\u00e4n taikaa tarvitaan,<br>niin taikinan saa kasvamaan.&#8221;<br><br>Otti Hebla taikinasta palan<br>ja teki pienen pallukan.<br>Sen pisti paistumaan<br>ja k\u00e4vi varttumaan.<br>Kohta uuniin kurkkasi:<br>joko leip\u00e4 kohosi?<br>Leip\u00e4 oli pikkuinen,<br>lapsen nyrkin kokoinen.<br><br>Hebla sanoi &#8221;Paisu, paisu,<br>kokosi on kovin vaisu!&#8221;<br>Hetken noidat odotti<br>ja luukkua taas raotti.<br>Nyt leip\u00e4 oli kypsempi<br>ja Heblan p\u00e4\u00e4t\u00e4 suurempi,<br>vaan Dorli sanoi &#8221;Paisu, paisu,<br>kokosi on kovin vaisu!&#8221;<br><br>Luukun sai h\u00e4n kiinni juuri,<br>kun PAMAHDUS kuultiin suuri:<br>kas, rikki meni uunin kuori,<br>leiv\u00e4st\u00e4ns\u00e4 kasvoi vuori!<\/p>\n<\/details>\n\n\n\n<details class=\"wp-block-details is-layout-flow wp-block-details-is-layout-flow\"><summary>Souturetki<\/summary>\n<p><br>Souan, huopaan<br>Pitkin joenuomaa.<br>Min\u00e4 souan merelle,<br>Ulapalle, aavalle.<br>Annan aallon kannatella,<br>Virran vii\u00e4, keikutella.<br>Kuljen vuoen verran siell\u00e4<br>Vetehisen valtatiell\u00e4.<br>Matkaan Rooman kaupunkiin,<br>Menen paavin palatsiin.<br>Paavi minut sis\u00e4\u00e4n pyyt\u00e4\u00e4,<br>K\u00e4skee k\u00e4ym\u00e4\u00e4n kanssaan p\u00f6yt\u00e4\u00e4n.<br>Siin\u00e4 istun illan, kaksi,<br>Muutun muita hurskaammaksi.<\/p>\n<\/details>\n\n\n\n<details class=\"wp-block-details is-layout-flow wp-block-details-is-layout-flow\"><summary>Tonttupoika Jonttu<\/summary>\n<p><br>Sed\u00e4n saunan kiukaan alla <br>istuu pikku jakkaralla <br>ihmisilt\u00e4 piilosalla <br>pieni saunatonttu. <br><br>Piirt\u00e4\u00e4 tuhkaan lusikalla, <br>leikkii hiirenpapanalla, <br>herkuttelee silavalla <br>tonttupoika Jonttu. <br><br>Lauantaina iltasalla <br>lautehella korkealla <br>sienell\u00e4 ja saippualla <br>h\u00e4n pesee itsens\u00e4. <br><br>T\u00e4hdet tuikkii taivahalla, <br>tonttu makaa kippuralla <br>sed\u00e4n saunan lattialla <br>ja sulkee silm\u00e4ns\u00e4.<\/p>\n<\/details>\n\n\n\n<h2 class=\"wp-block-heading\">Ilta-aikaan<\/h2>\n\n\n\n<details class=\"wp-block-details is-layout-flow wp-block-details-is-layout-flow\"><summary>Kuinka kaukana<\/summary>\n<p><br>Kuinka kaukaa kurkkii kuu-ukko?<br>Ei sinne yll\u00e4 is\u00e4n k\u00e4si,<br>ei korkein puu,<br>ei lentokone.<br>Kaukaa kurkkii kuu-ukko.<br><br>Kuinka kaukana ovat t\u00e4hdet?<br>Ei niit\u00e4 voi haavilla kahmia,<br>ei k\u00e4sin poimia,<br>ei noukkia.<br>Kaukana ovat t\u00e4hdet.<br><br>Kuinka kaukana on is\u00e4n kulta?<br>Voi sit\u00e4 k\u00e4sin kutitella,<br>voi halailla,<br>voi suukottaa.<br>L\u00e4hell\u00e4 on is\u00e4n kulta.<\/p>\n<\/details>\n\n\n\n<p><\/p>\n","protected":false},"excerpt":{"rendered":"<p>Maalaisel\u00e4m\u00e4 ja luonto Vanha aika ja taruolennot Ilta-aikaan<\/p>\n","protected":false},"author":1,"featured_media":0,"parent":0,"menu_order":0,"comment_status":"closed","ping_status":"closed","template":"","meta":{"_kad_post_transparent":"","_kad_post_title":"","_kad_post_layout":"","_kad_post_sidebar_id":"","_kad_post_content_style":"","_kad_post_vertical_padding":"","_kad_post_feature":"","_kad_post_feature_position":"","_kad_post_header":false,"_kad_post_footer":false,"_kad_post_classname":"","footnotes":""},"class_list":["post-126","page","type-page","status-publish","hentry"],"yoast_head":"<!-- This site is optimized with the Yoast SEO plugin v27.0 - https:\/\/yoast.com\/product\/yoast-seo-wordpress\/ -->\n<title>Loruja - Chansonnier de Kaarina<\/title>\n<meta name=\"robots\" content=\"index, follow, max-snippet:-1, max-image-preview:large, max-video-preview:-1\" \/>\n<link rel=\"canonical\" href=\"https:\/\/chansonnier.fi\/?page_id=126\" \/>\n<meta property=\"og:locale\" content=\"fi_FI\" \/>\n<meta property=\"og:type\" content=\"article\" \/>\n<meta property=\"og:title\" content=\"Loruja - Chansonnier de Kaarina\" \/>\n<meta property=\"og:description\" content=\"Maalaisel\u00e4m\u00e4 ja luonto Vanha aika ja taruolennot Ilta-aikaan\" \/>\n<meta property=\"og:url\" content=\"https:\/\/chansonnier.fi\/?page_id=126\" \/>\n<meta property=\"og:site_name\" content=\"Chansonnier de Kaarina\" \/>\n<meta property=\"article:modified_time\" content=\"2026-02-23T20:19:53+00:00\" \/>\n<meta name=\"twitter:card\" content=\"summary_large_image\" \/>\n<meta name=\"twitter:label1\" content=\"Arvioitu lukuaika\" \/>\n\t<meta name=\"twitter:data1\" content=\"5 minuuttia\" \/>\n<script type=\"application\/ld+json\" class=\"yoast-schema-graph\">{\"@context\":\"https:\/\/schema.org\",\"@graph\":[{\"@type\":\"WebPage\",\"@id\":\"https:\/\/chansonnier.fi\/?page_id=126\",\"url\":\"https:\/\/chansonnier.fi\/?page_id=126\",\"name\":\"Loruja - Chansonnier de Kaarina\",\"isPartOf\":{\"@id\":\"https:\/\/chansonnier.fi\/#website\"},\"datePublished\":\"2026-02-22T19:18:22+00:00\",\"dateModified\":\"2026-02-23T20:19:53+00:00\",\"breadcrumb\":{\"@id\":\"https:\/\/chansonnier.fi\/?page_id=126#breadcrumb\"},\"inLanguage\":\"fi\",\"potentialAction\":[{\"@type\":\"ReadAction\",\"target\":[\"https:\/\/chansonnier.fi\/?page_id=126\"]}]},{\"@type\":\"BreadcrumbList\",\"@id\":\"https:\/\/chansonnier.fi\/?page_id=126#breadcrumb\",\"itemListElement\":[{\"@type\":\"ListItem\",\"position\":1,\"name\":\"Etusivu\",\"item\":\"https:\/\/chansonnier.fi\/\"},{\"@type\":\"ListItem\",\"position\":2,\"name\":\"Loruja\"}]},{\"@type\":\"WebSite\",\"@id\":\"https:\/\/chansonnier.fi\/#website\",\"url\":\"https:\/\/chansonnier.fi\/\",\"name\":\"Chansonnier de Kaarina\",\"description\":\"A collection of my songs - kokoelma laulujani\",\"potentialAction\":[{\"@type\":\"SearchAction\",\"target\":{\"@type\":\"EntryPoint\",\"urlTemplate\":\"https:\/\/chansonnier.fi\/?s={search_term_string}\"},\"query-input\":{\"@type\":\"PropertyValueSpecification\",\"valueRequired\":true,\"valueName\":\"search_term_string\"}}],\"inLanguage\":\"fi\"}]}<\/script>\n<!-- \/ Yoast SEO plugin. -->","yoast_head_json":{"title":"Loruja - Chansonnier de Kaarina","robots":{"index":"index","follow":"follow","max-snippet":"max-snippet:-1","max-image-preview":"max-image-preview:large","max-video-preview":"max-video-preview:-1"},"canonical":"https:\/\/chansonnier.fi\/?page_id=126","og_locale":"fi_FI","og_type":"article","og_title":"Loruja - Chansonnier de Kaarina","og_description":"Maalaisel\u00e4m\u00e4 ja luonto Vanha aika ja taruolennot Ilta-aikaan","og_url":"https:\/\/chansonnier.fi\/?page_id=126","og_site_name":"Chansonnier de Kaarina","article_modified_time":"2026-02-23T20:19:53+00:00","twitter_card":"summary_large_image","twitter_misc":{"Arvioitu lukuaika":"5 minuuttia"},"schema":{"@context":"https:\/\/schema.org","@graph":[{"@type":"WebPage","@id":"https:\/\/chansonnier.fi\/?page_id=126","url":"https:\/\/chansonnier.fi\/?page_id=126","name":"Loruja - Chansonnier de Kaarina","isPartOf":{"@id":"https:\/\/chansonnier.fi\/#website"},"datePublished":"2026-02-22T19:18:22+00:00","dateModified":"2026-02-23T20:19:53+00:00","breadcrumb":{"@id":"https:\/\/chansonnier.fi\/?page_id=126#breadcrumb"},"inLanguage":"fi","potentialAction":[{"@type":"ReadAction","target":["https:\/\/chansonnier.fi\/?page_id=126"]}]},{"@type":"BreadcrumbList","@id":"https:\/\/chansonnier.fi\/?page_id=126#breadcrumb","itemListElement":[{"@type":"ListItem","position":1,"name":"Etusivu","item":"https:\/\/chansonnier.fi\/"},{"@type":"ListItem","position":2,"name":"Loruja"}]},{"@type":"WebSite","@id":"https:\/\/chansonnier.fi\/#website","url":"https:\/\/chansonnier.fi\/","name":"Chansonnier de Kaarina","description":"A collection of my songs - kokoelma laulujani","potentialAction":[{"@type":"SearchAction","target":{"@type":"EntryPoint","urlTemplate":"https:\/\/chansonnier.fi\/?s={search_term_string}"},"query-input":{"@type":"PropertyValueSpecification","valueRequired":true,"valueName":"search_term_string"}}],"inLanguage":"fi"}]}},"_links":{"self":[{"href":"https:\/\/chansonnier.fi\/index.php?rest_route=\/wp\/v2\/pages\/126","targetHints":{"allow":["GET"]}}],"collection":[{"href":"https:\/\/chansonnier.fi\/index.php?rest_route=\/wp\/v2\/pages"}],"about":[{"href":"https:\/\/chansonnier.fi\/index.php?rest_route=\/wp\/v2\/types\/page"}],"author":[{"embeddable":true,"href":"https:\/\/chansonnier.fi\/index.php?rest_route=\/wp\/v2\/users\/1"}],"replies":[{"embeddable":true,"href":"https:\/\/chansonnier.fi\/index.php?rest_route=%2Fwp%2Fv2%2Fcomments&post=126"}],"version-history":[{"count":19,"href":"https:\/\/chansonnier.fi\/index.php?rest_route=\/wp\/v2\/pages\/126\/revisions"}],"predecessor-version":[{"id":164,"href":"https:\/\/chansonnier.fi\/index.php?rest_route=\/wp\/v2\/pages\/126\/revisions\/164"}],"wp:attachment":[{"href":"https:\/\/chansonnier.fi\/index.php?rest_route=%2Fwp%2Fv2%2Fmedia&parent=126"}],"curies":[{"name":"wp","href":"https:\/\/api.w.org\/{rel}","templated":true}]}}